







{"id":3975,"date":"2022-02-22T09:16:20","date_gmt":"2022-02-22T09:16:20","guid":{"rendered":"https:\/\/dlaseuro.wpengine.com\/?post_type=product&#038;p=3975"},"modified":"2023-04-04T07:54:12","modified_gmt":"2023-04-04T07:54:12","slug":"black-pepper-piper-nigrum","status":"publish","type":"product","link":"https:\/\/europe.dlasint.com\/da\/vare\/black-pepper-piper-nigrum\/","title":{"rendered":"Sort peber (Piper nigrum)"},"content":{"rendered":"<p>Det er en stimulerende olie, der ikke indeholder piperin. Den har ogs\u00e5 en st\u00e6rk, krydret aroma og kan variere i farve fra lys rav til gulgr\u00f8n.<\/p>\n<p>Nettoindhold er 20 ml<\/p>","protected":false},"excerpt":{"rendered":"<p>D&#039;las sort peber \u00e6terisk olie er 100% naturlig og ren med en h\u00f8j koncentration af unik aroma af sort peber.<\/p>","protected":false},"featured_media":3976,"comment_status":"open","ping_status":"closed","template":"","meta":{"_acf_changed":false,"footnotes":""},"product_brand":[],"product_cat":[336],"product_tag":[],"class_list":{"0":"post-3975","1":"product","2":"type-product","3":"status-publish","4":"has-post-thumbnail","6":"product_cat-essential-oils","8":"first","9":"outofstock","10":"shipping-taxable","11":"purchasable","12":"product-type-simple","13":"add-to-wishlist-before_image"},"acf":[],"_links":{"self":[{"href":"https:\/\/europe.dlasint.com\/da\/wp-json\/wp\/v2\/product\/3975","targetHints":{"allow":["GET"]}}],"collection":[{"href":"https:\/\/europe.dlasint.com\/da\/wp-json\/wp\/v2\/product"}],"about":[{"href":"https:\/\/europe.dlasint.com\/da\/wp-json\/wp\/v2\/types\/product"}],"replies":[{"embeddable":true,"href":"https:\/\/europe.dlasint.com\/da\/wp-json\/wp\/v2\/comments?post=3975"}],"version-history":[{"count":0,"href":"https:\/\/europe.dlasint.com\/da\/wp-json\/wp\/v2\/product\/3975\/revisions"}],"wp:featuredmedia":[{"embeddable":true,"href":"https:\/\/europe.dlasint.com\/da\/wp-json\/wp\/v2\/media\/3976"}],"wp:attachment":[{"href":"https:\/\/europe.dlasint.com\/da\/wp-json\/wp\/v2\/media?parent=3975"}],"wp:term":[{"taxonomy":"product_brand","embeddable":true,"href":"https:\/\/europe.dlasint.com\/da\/wp-json\/wp\/v2\/product_brand?post=3975"},{"taxonomy":"product_cat","embeddable":true,"href":"https:\/\/europe.dlasint.com\/da\/wp-json\/wp\/v2\/product_cat?post=3975"},{"taxonomy":"product_tag","embeddable":true,"href":"https:\/\/europe.dlasint.com\/da\/wp-json\/wp\/v2\/product_tag?post=3975"}],"curies":[{"name":"wp","href":"https:\/\/api.w.org\/{rel}","templated":true}]}}