







{"id":2471,"date":"2022-01-27T08:07:35","date_gmt":"2022-01-27T08:07:35","guid":{"rendered":"https:\/\/dlaseuro.wpengine.com\/product\/night-queen-incense-sticks-small\/"},"modified":"2025-05-26T03:22:31","modified_gmt":"2025-05-26T03:22:31","slug":"night-queen-incense-sticks-small","status":"publish","type":"product","link":"https:\/\/europe.dlasint.com\/cs\/produkt\/night-queen-incense-sticks-small\/","title":{"rendered":"Night Queen Incense Sticks &#8211; Small"},"content":{"rendered":"<p>Tato ru\u010dn\u011b vyr\u00e1b\u011bn\u00e1 starod\u00e1vn\u00e1 receptura z kv\u011btu Kr\u00e1lovny noci a dal\u0161\u00edch p\u0159\u00edrodn\u00edch ingredienc\u00ed m\u00e1 aromatickou v\u016fni a pom\u00e1h\u00e1 udr\u017eovat v\u00e1\u0161 obytn\u00fd prostor klidn\u00fd, uklidn\u011bn\u00fd a uvoln\u011bn\u00fd.<\/p>","protected":false},"excerpt":{"rendered":"<p>Uklid\u0148uj\u00edc\u00ed a relaxa\u010dn\u00ed aura ve va\u0161em obytn\u00e9m prostoru s jemnou kv\u011btinovou v\u016fn\u00ed Night Queen.<\/p>","protected":false},"featured_media":3017,"comment_status":"open","ping_status":"closed","template":"","meta":{"_acf_changed":false,"footnotes":""},"product_brand":[],"product_cat":[230],"product_tag":[],"class_list":{"0":"post-2471","1":"product","2":"type-product","3":"status-publish","4":"has-post-thumbnail","6":"product_cat-incense-sticks","8":"first","9":"instock","10":"shipping-taxable","11":"purchasable","12":"product-type-simple","13":"add-to-wishlist-before_image"},"acf":[],"_links":{"self":[{"href":"https:\/\/europe.dlasint.com\/cs\/wp-json\/wp\/v2\/product\/2471","targetHints":{"allow":["GET"]}}],"collection":[{"href":"https:\/\/europe.dlasint.com\/cs\/wp-json\/wp\/v2\/product"}],"about":[{"href":"https:\/\/europe.dlasint.com\/cs\/wp-json\/wp\/v2\/types\/product"}],"replies":[{"embeddable":true,"href":"https:\/\/europe.dlasint.com\/cs\/wp-json\/wp\/v2\/comments?post=2471"}],"version-history":[{"count":0,"href":"https:\/\/europe.dlasint.com\/cs\/wp-json\/wp\/v2\/product\/2471\/revisions"}],"wp:featuredmedia":[{"embeddable":true,"href":"https:\/\/europe.dlasint.com\/cs\/wp-json\/wp\/v2\/media\/3017"}],"wp:attachment":[{"href":"https:\/\/europe.dlasint.com\/cs\/wp-json\/wp\/v2\/media?parent=2471"}],"wp:term":[{"taxonomy":"product_brand","embeddable":true,"href":"https:\/\/europe.dlasint.com\/cs\/wp-json\/wp\/v2\/product_brand?post=2471"},{"taxonomy":"product_cat","embeddable":true,"href":"https:\/\/europe.dlasint.com\/cs\/wp-json\/wp\/v2\/product_cat?post=2471"},{"taxonomy":"product_tag","embeddable":true,"href":"https:\/\/europe.dlasint.com\/cs\/wp-json\/wp\/v2\/product_tag?post=2471"}],"curies":[{"name":"wp","href":"https:\/\/api.w.org\/{rel}","templated":true}]}}