







{"id":2419,"date":"2022-01-27T08:07:27","date_gmt":"2022-01-27T08:07:27","guid":{"rendered":"https:\/\/dlaseuro.wpengine.com\/product\/watermelon-lip-balm\/"},"modified":"2023-04-01T05:10:27","modified_gmt":"2023-04-01T05:10:27","slug":"watermelon-lip-balm","status":"publish","type":"product","link":"https:\/\/europe.dlasint.com\/cs\/produkt\/watermelon-lip-balm\/","title":{"rendered":"Balz\u00e1m na rty s melounem"},"content":{"rendered":"<p>Balz\u00e1m na rty D&#039;Las Watermelon uhas\u00ed \u017e\u00edze\u0148 va\u0161ich such\u00fdch po\u0161kozen\u00fdch rt\u016f sv\u00fdmi bohat\u00fdmi hydrata\u010dn\u00edmi a vy\u017eivuj\u00edc\u00edmi vlastnostmi. Pom\u00e1h\u00e1 tak\u00e9 chr\u00e1nit rty p\u0159ed dehydratac\u00ed a dod\u00e1v\u00e1 jim sametov\u00fd lesk.<\/p>\n<p>Toto m\u00e1slov\u00e9 slo\u017een\u00ed dod\u00e1 va\u0161im rt\u016fm sladkou pochoutku a z\u00e1rove\u0148 je zachov\u00e1 m\u011bkk\u00e9 po cel\u00fd den.<\/p>","protected":false},"excerpt":{"rendered":"<p>Ut\u011bsn\u011bte sv\u00e9 rty vlhkost\u00ed a udr\u017eujte je vy\u017eiven\u00e9 po cel\u00fd den se sladk\u00fdm ovocn\u00fdm balz\u00e1mem na rty s melounem.<\/p>","protected":false},"featured_media":3699,"comment_status":"open","ping_status":"closed","template":"","meta":{"_acf_changed":false,"footnotes":""},"product_brand":[],"product_cat":[226,372,357],"product_tag":[],"class_list":{"0":"post-2419","1":"product","2":"type-product","3":"status-publish","4":"has-post-thumbnail","6":"product_cat-lip-care","7":"product_cat-lip-care-face","8":"product_cat-women","10":"first","11":"instock","12":"shipping-taxable","13":"purchasable","14":"product-type-simple","15":"add-to-wishlist-before_image"},"acf":[],"_links":{"self":[{"href":"https:\/\/europe.dlasint.com\/cs\/wp-json\/wp\/v2\/product\/2419","targetHints":{"allow":["GET"]}}],"collection":[{"href":"https:\/\/europe.dlasint.com\/cs\/wp-json\/wp\/v2\/product"}],"about":[{"href":"https:\/\/europe.dlasint.com\/cs\/wp-json\/wp\/v2\/types\/product"}],"replies":[{"embeddable":true,"href":"https:\/\/europe.dlasint.com\/cs\/wp-json\/wp\/v2\/comments?post=2419"}],"version-history":[{"count":0,"href":"https:\/\/europe.dlasint.com\/cs\/wp-json\/wp\/v2\/product\/2419\/revisions"}],"wp:featuredmedia":[{"embeddable":true,"href":"https:\/\/europe.dlasint.com\/cs\/wp-json\/wp\/v2\/media\/3699"}],"wp:attachment":[{"href":"https:\/\/europe.dlasint.com\/cs\/wp-json\/wp\/v2\/media?parent=2419"}],"wp:term":[{"taxonomy":"product_brand","embeddable":true,"href":"https:\/\/europe.dlasint.com\/cs\/wp-json\/wp\/v2\/product_brand?post=2419"},{"taxonomy":"product_cat","embeddable":true,"href":"https:\/\/europe.dlasint.com\/cs\/wp-json\/wp\/v2\/product_cat?post=2419"},{"taxonomy":"product_tag","embeddable":true,"href":"https:\/\/europe.dlasint.com\/cs\/wp-json\/wp\/v2\/product_tag?post=2419"}],"curies":[{"name":"wp","href":"https:\/\/api.w.org\/{rel}","templated":true}]}}