







{"id":2404,"date":"2022-01-27T08:07:25","date_gmt":"2022-01-27T08:07:25","guid":{"rendered":"https:\/\/dlaseuro.wpengine.com\/product\/tea-tree-foaming-facial-cleanser\/"},"modified":"2023-04-01T05:13:07","modified_gmt":"2023-04-01T05:13:07","slug":"tea-tree-foaming-facial-cleanser","status":"publish","type":"product","link":"https:\/\/europe.dlasint.com\/cs\/produkt\/tea-tree-foaming-facial-cleanser\/","title":{"rendered":"P\u011bniv\u00fd \u010distic\u00ed gel na obli\u010dej s \u010dajovn\u00edkem"},"content":{"rendered":"<p>\u010cistic\u00ed p\u011bniv\u00fd \u010distic\u00ed prost\u0159edek na obli\u010dej D&#039;Las Tea Tree je jemn\u00fd p\u011bniv\u00fd \u010distic\u00ed prost\u0159edek bez sulf\u00e1t\u016f, obohacen\u00fd o olej z \u010dajovn\u00edku a citronu. Tea Tree pom\u00e1h\u00e1 podporovat z\u00e1\u0159ivou ple\u0165 a z\u00e1rove\u0148 zklid\u0148uje podr\u00e1\u017ed\u011bn\u00ed, zat\u00edmco citronov\u00fd olej pom\u00e1h\u00e1 redukovat akn\u00e9.<\/p>\n<p>Kr\u00e9mov\u00e1 p\u011bna tohoto pokro\u010dil\u00e9ho slo\u017een\u00ed rychle p\u011bn\u00ed a pom\u00e1h\u00e1 hloubkov\u011b \u010distit, odstra\u0148uje ne\u010distoty a ne\u010distoty, ani\u017e by po pou\u017eit\u00ed zp\u016fsobovala pocit pnut\u00ed.<\/p>","protected":false},"excerpt":{"rendered":"<p>C\u00edt\u00edte se sv\u011b\u017e\u00ed po cel\u00fd den s olejem z \u010dajovn\u00edku a citronu. Hloubkov\u011b \u010dist\u00ed ple\u0165 a zanech\u00e1v\u00e1 ji bezchybnou, \u010distou a sv\u011b\u017e\u00ed.<\/p>","protected":false},"featured_media":3697,"comment_status":"open","ping_status":"closed","template":"","meta":{"_acf_changed":false,"footnotes":""},"product_brand":[],"product_cat":[221,414,357],"product_tag":[],"class_list":{"0":"post-2404","1":"product","2":"type-product","3":"status-publish","4":"has-post-thumbnail","6":"product_cat-foam-cleansers","7":"product_cat-foaming-cleansers","8":"product_cat-women","10":"first","11":"instock","12":"shipping-taxable","13":"purchasable","14":"product-type-simple","15":"add-to-wishlist-before_image"},"acf":[],"_links":{"self":[{"href":"https:\/\/europe.dlasint.com\/cs\/wp-json\/wp\/v2\/product\/2404","targetHints":{"allow":["GET"]}}],"collection":[{"href":"https:\/\/europe.dlasint.com\/cs\/wp-json\/wp\/v2\/product"}],"about":[{"href":"https:\/\/europe.dlasint.com\/cs\/wp-json\/wp\/v2\/types\/product"}],"replies":[{"embeddable":true,"href":"https:\/\/europe.dlasint.com\/cs\/wp-json\/wp\/v2\/comments?post=2404"}],"version-history":[{"count":0,"href":"https:\/\/europe.dlasint.com\/cs\/wp-json\/wp\/v2\/product\/2404\/revisions"}],"wp:featuredmedia":[{"embeddable":true,"href":"https:\/\/europe.dlasint.com\/cs\/wp-json\/wp\/v2\/media\/3697"}],"wp:attachment":[{"href":"https:\/\/europe.dlasint.com\/cs\/wp-json\/wp\/v2\/media?parent=2404"}],"wp:term":[{"taxonomy":"product_brand","embeddable":true,"href":"https:\/\/europe.dlasint.com\/cs\/wp-json\/wp\/v2\/product_brand?post=2404"},{"taxonomy":"product_cat","embeddable":true,"href":"https:\/\/europe.dlasint.com\/cs\/wp-json\/wp\/v2\/product_cat?post=2404"},{"taxonomy":"product_tag","embeddable":true,"href":"https:\/\/europe.dlasint.com\/cs\/wp-json\/wp\/v2\/product_tag?post=2404"}],"curies":[{"name":"wp","href":"https:\/\/api.w.org\/{rel}","templated":true}]}}