







{"id":2387,"date":"2022-01-27T08:07:23","date_gmt":"2022-01-27T08:07:23","guid":{"rendered":"https:\/\/dlaseuro.wpengine.com\/product\/soothing-hydrosol\/"},"modified":"2024-03-03T01:50:39","modified_gmt":"2024-03-03T01:50:39","slug":"soothing-hydrosol","status":"publish","type":"product","link":"https:\/\/europe.dlasint.com\/cs\/produkt\/soothing-hydrosol\/","title":{"rendered":"Zklid\u0148uj\u00edc\u00ed hydrosol"},"content":{"rendered":"<p>D&#8217;Las Soothing Hydrosol is infused with the authentic aromas of Black Pepper, Clove, Ginger, and Turmeric.<\/p>\n<p>The ingredients&#8217; immediate cooling ability provides calming relief while relieving stress and headaches.<\/p>\n<p>This can be also used as a face mist\/toner, body mist, skin tonic, air freshener, or as a linen spray.<\/p>","protected":false},"excerpt":{"rendered":"<p>An aromatic spritz of a natural blend to reduce tension and keep you relieved and calm.<\/p>","protected":false},"featured_media":2851,"comment_status":"open","ping_status":"closed","template":"","meta":{"_acf_changed":false,"footnotes":""},"product_brand":[],"product_cat":[380,214,357],"product_tag":[],"class_list":{"0":"post-2387","1":"product","2":"type-product","3":"status-publish","4":"has-post-thumbnail","6":"product_cat-hydrosol-body","7":"product_cat-soothing-range","8":"product_cat-women","10":"first","11":"instock","12":"featured","13":"shipping-taxable","14":"purchasable","15":"product-type-simple","16":"add-to-wishlist-before_image"},"acf":[],"_links":{"self":[{"href":"https:\/\/europe.dlasint.com\/cs\/wp-json\/wp\/v2\/product\/2387","targetHints":{"allow":["GET"]}}],"collection":[{"href":"https:\/\/europe.dlasint.com\/cs\/wp-json\/wp\/v2\/product"}],"about":[{"href":"https:\/\/europe.dlasint.com\/cs\/wp-json\/wp\/v2\/types\/product"}],"replies":[{"embeddable":true,"href":"https:\/\/europe.dlasint.com\/cs\/wp-json\/wp\/v2\/comments?post=2387"}],"version-history":[{"count":0,"href":"https:\/\/europe.dlasint.com\/cs\/wp-json\/wp\/v2\/product\/2387\/revisions"}],"wp:featuredmedia":[{"embeddable":true,"href":"https:\/\/europe.dlasint.com\/cs\/wp-json\/wp\/v2\/media\/2851"}],"wp:attachment":[{"href":"https:\/\/europe.dlasint.com\/cs\/wp-json\/wp\/v2\/media?parent=2387"}],"wp:term":[{"taxonomy":"product_brand","embeddable":true,"href":"https:\/\/europe.dlasint.com\/cs\/wp-json\/wp\/v2\/product_brand?post=2387"},{"taxonomy":"product_cat","embeddable":true,"href":"https:\/\/europe.dlasint.com\/cs\/wp-json\/wp\/v2\/product_cat?post=2387"},{"taxonomy":"product_tag","embeddable":true,"href":"https:\/\/europe.dlasint.com\/cs\/wp-json\/wp\/v2\/product_tag?post=2387"}],"curies":[{"name":"wp","href":"https:\/\/api.w.org\/{rel}","templated":true}]}}