







{"id":2380,"date":"2022-01-27T08:07:22","date_gmt":"2022-01-27T08:07:22","guid":{"rendered":"https:\/\/dlaseuro.wpengine.com\/product\/fresh-invigorating-shampoo\/"},"modified":"2024-11-30T16:29:49","modified_gmt":"2024-11-30T16:29:49","slug":"fresh-invigorating-shampoo","status":"publish","type":"product","link":"https:\/\/europe.dlasint.com\/cs\/produkt\/fresh-invigorating-shampoo\/","title":{"rendered":"Sv\u011b\u017e\u00ed a povzbuzuj\u00edc\u00ed \u0161ampon"},"content":{"rendered":"<p>D\u2019Las Fresh &amp; Invigorating Shampoo is suitable for all hair types and designed to improve the manageability of your hair with its natural therapeutic properties.<\/p>\n<p>This unique formula helps to deep cleanse the hair and it is enriched with 100% natural Lime and Eucalyptus oil which are ideal promoters for hair growth and improving the strength of hair.<\/p>","protected":false},"excerpt":{"rendered":"<p>The ultimate hair indulgence with Lime and Eucalyptus. Increase hair growth and strength.<\/p>","protected":false},"featured_media":2689,"comment_status":"open","ping_status":"closed","template":"","meta":{"_acf_changed":false,"footnotes":""},"product_brand":[],"product_cat":[211,385,357],"product_tag":[],"class_list":{"0":"post-2380","1":"product","2":"type-product","3":"status-publish","4":"has-post-thumbnail","6":"product_cat-fresh-invigorating-range","7":"product_cat-shampoo-hair","8":"product_cat-women","10":"first","11":"instock","12":"shipping-taxable","13":"purchasable","14":"product-type-simple","15":"add-to-wishlist-before_image"},"acf":[],"_links":{"self":[{"href":"https:\/\/europe.dlasint.com\/cs\/wp-json\/wp\/v2\/product\/2380","targetHints":{"allow":["GET"]}}],"collection":[{"href":"https:\/\/europe.dlasint.com\/cs\/wp-json\/wp\/v2\/product"}],"about":[{"href":"https:\/\/europe.dlasint.com\/cs\/wp-json\/wp\/v2\/types\/product"}],"replies":[{"embeddable":true,"href":"https:\/\/europe.dlasint.com\/cs\/wp-json\/wp\/v2\/comments?post=2380"}],"version-history":[{"count":0,"href":"https:\/\/europe.dlasint.com\/cs\/wp-json\/wp\/v2\/product\/2380\/revisions"}],"wp:featuredmedia":[{"embeddable":true,"href":"https:\/\/europe.dlasint.com\/cs\/wp-json\/wp\/v2\/media\/2689"}],"wp:attachment":[{"href":"https:\/\/europe.dlasint.com\/cs\/wp-json\/wp\/v2\/media?parent=2380"}],"wp:term":[{"taxonomy":"product_brand","embeddable":true,"href":"https:\/\/europe.dlasint.com\/cs\/wp-json\/wp\/v2\/product_brand?post=2380"},{"taxonomy":"product_cat","embeddable":true,"href":"https:\/\/europe.dlasint.com\/cs\/wp-json\/wp\/v2\/product_cat?post=2380"},{"taxonomy":"product_tag","embeddable":true,"href":"https:\/\/europe.dlasint.com\/cs\/wp-json\/wp\/v2\/product_tag?post=2380"}],"curies":[{"name":"wp","href":"https:\/\/api.w.org\/{rel}","templated":true}]}}