







{"id":2366,"date":"2022-01-27T08:07:19","date_gmt":"2022-01-27T08:07:19","guid":{"rendered":"https:\/\/dlaseuro.wpengine.com\/product\/relaxation-relieve-face-wash\/"},"modified":"2023-04-01T04:54:18","modified_gmt":"2023-04-01T04:54:18","slug":"relaxation-relieve-face-wash","status":"publish","type":"product","link":"https:\/\/europe.dlasint.com\/cs\/produkt\/relaxation-relieve-face-wash\/","title":{"rendered":"Relaxa\u010dn\u00ed a uvol\u0148uj\u00edc\u00ed myt\u00ed obli\u010deje"},"content":{"rendered":"<p>Dop\u0159ejte si nov\u00fd za\u010d\u00e1tek s \u010distic\u00edm gelem na obli\u010dej D&#039;Las Relaxation &amp; Relieve, kter\u00fd udr\u017e\u00ed va\u0161i tv\u00e1\u0159 sv\u011b\u017e\u00ed a \u010distou.<\/p>\n<p>P\u0159\u00edrodn\u00ed he\u0159m\u00e1nkov\u00fd olej 100% pom\u00e1h\u00e1 hloubkov\u011b \u010distit citlivou poko\u017eku a odstra\u0148ovat p\u0159ebyte\u010dn\u00fd maz, pro\u010di\u0161\u0165uje ple\u0165 a odstra\u0148uje matnost.<\/p>\n<p>Ud\u011bl\u00e1 z ka\u017ed\u00e9ho dne nov\u00fd za\u010d\u00e1tek!<\/p>","protected":false},"excerpt":{"rendered":"<p>\u010cist\u00e1 ple\u0165 s he\u0159m\u00e1nkem. \u00da\u010dinn\u011b odstra\u0148uje ne\u010distoty, kontroluje akn\u00e9 a p\u0159edch\u00e1z\u00ed vzniku pup\u00ednk\u016f. Pro mladou a nedokonalou ple\u0165!<\/p>","protected":false},"featured_media":2753,"comment_status":"open","ping_status":"closed","template":"","meta":{"_acf_changed":false,"footnotes":""},"product_brand":[],"product_cat":[371,209,357],"product_tag":[],"class_list":{"0":"post-2366","1":"product","2":"type-product","3":"status-publish","4":"has-post-thumbnail","6":"product_cat-face-wash-face","7":"product_cat-relaxation-relieve-range","8":"product_cat-women","10":"first","11":"instock","12":"shipping-taxable","13":"purchasable","14":"product-type-simple","15":"add-to-wishlist-before_image"},"acf":[],"_links":{"self":[{"href":"https:\/\/europe.dlasint.com\/cs\/wp-json\/wp\/v2\/product\/2366","targetHints":{"allow":["GET"]}}],"collection":[{"href":"https:\/\/europe.dlasint.com\/cs\/wp-json\/wp\/v2\/product"}],"about":[{"href":"https:\/\/europe.dlasint.com\/cs\/wp-json\/wp\/v2\/types\/product"}],"replies":[{"embeddable":true,"href":"https:\/\/europe.dlasint.com\/cs\/wp-json\/wp\/v2\/comments?post=2366"}],"version-history":[{"count":0,"href":"https:\/\/europe.dlasint.com\/cs\/wp-json\/wp\/v2\/product\/2366\/revisions"}],"wp:featuredmedia":[{"embeddable":true,"href":"https:\/\/europe.dlasint.com\/cs\/wp-json\/wp\/v2\/media\/2753"}],"wp:attachment":[{"href":"https:\/\/europe.dlasint.com\/cs\/wp-json\/wp\/v2\/media?parent=2366"}],"wp:term":[{"taxonomy":"product_brand","embeddable":true,"href":"https:\/\/europe.dlasint.com\/cs\/wp-json\/wp\/v2\/product_brand?post=2366"},{"taxonomy":"product_cat","embeddable":true,"href":"https:\/\/europe.dlasint.com\/cs\/wp-json\/wp\/v2\/product_cat?post=2366"},{"taxonomy":"product_tag","embeddable":true,"href":"https:\/\/europe.dlasint.com\/cs\/wp-json\/wp\/v2\/product_tag?post=2366"}],"curies":[{"name":"wp","href":"https:\/\/api.w.org\/{rel}","templated":true}]}}