







{"id":2316,"date":"2022-01-27T08:07:11","date_gmt":"2022-01-27T08:07:11","guid":{"rendered":"https:\/\/dlaseuro.wpengine.com\/product\/passion-fruit-body-lotion\/"},"modified":"2025-05-25T11:34:08","modified_gmt":"2025-05-25T11:34:08","slug":"passion-fruit-body-lotion","status":"publish","type":"product","link":"https:\/\/europe.dlasint.com\/cs\/produkt\/passion-fruit-body-lotion\/","title":{"rendered":"T\u011blov\u00e9 ml\u00e9ko s mu\u010denkou"},"content":{"rendered":"<p>T\u011blov\u00e9 ml\u00e9ko D&#039;Las s mu\u010denkou je obohaceno o jojobov\u00fd olej, aloe vera, vitam\u00edn E acet\u00e1t, v\u010del\u00ed med a dal\u0161\u00ed slo\u017eky \u0161etrn\u00e9 k poko\u017ece, kter\u00e9 j\u00ed dod\u00e1vaj\u00ed v\u00fd\u017eivu.<\/p>\n<p>Snadno aplikovateln\u00e1 a dlouhotrvaj\u00edc\u00ed v\u016fn\u011b mu\u010denky poskytuje l\u00e1ze\u0148skou p\u00e9\u010di, hydratuje ple\u0165 a dod\u00e1v\u00e1 j\u00ed mladistv\u011b vypadaj\u00edc\u00ed a pevnou ple\u0165.<\/p>\n<p>Nemastn\u00e1 textura a rychl\u00e1 vst\u0159ebatelnost ml\u00e9ka udr\u017e\u00ed va\u0161i poko\u017eku hydratovanou po cel\u00fd den.<\/p>","protected":false},"excerpt":{"rendered":"<p>Pot\u011b\u0161te svou ple\u0165 citrusov\u00fdm ple\u0165ov\u00fdm ml\u00e9kem s mu\u010denkou. Z\u00edskejte hladkou ple\u0165 a mladistv\u00fd lesk.<\/p>","protected":false},"featured_media":4298,"comment_status":"open","ping_status":"closed","template":"","meta":{"_acf_changed":false,"footnotes":""},"product_brand":[],"product_cat":[374,198,357],"product_tag":[],"class_list":{"0":"post-2316","1":"product","2":"type-product","3":"status-publish","4":"has-post-thumbnail","6":"product_cat-body-lotion-body","7":"product_cat-passion-fruit-range","8":"product_cat-women","10":"first","11":"instock","12":"shipping-taxable","13":"purchasable","14":"product-type-simple","15":"add-to-wishlist-before_image"},"acf":[],"_links":{"self":[{"href":"https:\/\/europe.dlasint.com\/cs\/wp-json\/wp\/v2\/product\/2316","targetHints":{"allow":["GET"]}}],"collection":[{"href":"https:\/\/europe.dlasint.com\/cs\/wp-json\/wp\/v2\/product"}],"about":[{"href":"https:\/\/europe.dlasint.com\/cs\/wp-json\/wp\/v2\/types\/product"}],"replies":[{"embeddable":true,"href":"https:\/\/europe.dlasint.com\/cs\/wp-json\/wp\/v2\/comments?post=2316"}],"version-history":[{"count":0,"href":"https:\/\/europe.dlasint.com\/cs\/wp-json\/wp\/v2\/product\/2316\/revisions"}],"wp:featuredmedia":[{"embeddable":true,"href":"https:\/\/europe.dlasint.com\/cs\/wp-json\/wp\/v2\/media\/4298"}],"wp:attachment":[{"href":"https:\/\/europe.dlasint.com\/cs\/wp-json\/wp\/v2\/media?parent=2316"}],"wp:term":[{"taxonomy":"product_brand","embeddable":true,"href":"https:\/\/europe.dlasint.com\/cs\/wp-json\/wp\/v2\/product_brand?post=2316"},{"taxonomy":"product_cat","embeddable":true,"href":"https:\/\/europe.dlasint.com\/cs\/wp-json\/wp\/v2\/product_cat?post=2316"},{"taxonomy":"product_tag","embeddable":true,"href":"https:\/\/europe.dlasint.com\/cs\/wp-json\/wp\/v2\/product_tag?post=2316"}],"curies":[{"name":"wp","href":"https:\/\/api.w.org\/{rel}","templated":true}]}}