







{"id":2303,"date":"2022-01-27T08:07:10","date_gmt":"2022-01-27T08:07:10","guid":{"rendered":"https:\/\/dlaseuro.wpengine.com\/product\/wild-rose-conditioner\/"},"modified":"2023-04-01T05:11:07","modified_gmt":"2023-04-01T05:11:07","slug":"wild-rose-conditioner","status":"publish","type":"product","link":"https:\/\/europe.dlasint.com\/cs\/produkt\/wild-rose-conditioner\/","title":{"rendered":"Kondicion\u00e9r s divokou r\u016f\u017e\u00ed"},"content":{"rendered":"<p>D\u2019Las Wild Rose conditioner helps all types of hair by reducing hair breakage.<\/p>\n<p>The natural vibrancy and juicy freshness of rose notes blended into the product will deliver an intensely feminine and refreshing vibe to your shower.<\/p>\n<p>Enriched with Aloe Vera, Vitamin E Acetate &amp; Jojoba seed oil, the creamy formula also provide nourishments and silky touch to your hair.<\/p>","protected":false},"excerpt":{"rendered":"<p>The blushing Wild Roses will add a touch of elegance to make your hair beautiful and manageable.<\/p>","protected":false},"featured_media":2600,"comment_status":"open","ping_status":"closed","template":"","meta":{"_acf_changed":false,"footnotes":""},"product_brand":[],"product_cat":[409,195,357],"product_tag":[],"class_list":{"0":"post-2303","1":"product","2":"type-product","3":"status-publish","4":"has-post-thumbnail","6":"product_cat-conditioner-hair","7":"product_cat-wild-rose-range","8":"product_cat-women","10":"first","11":"instock","12":"shipping-taxable","13":"purchasable","14":"product-type-simple","15":"add-to-wishlist-before_image"},"acf":[],"_links":{"self":[{"href":"https:\/\/europe.dlasint.com\/cs\/wp-json\/wp\/v2\/product\/2303","targetHints":{"allow":["GET"]}}],"collection":[{"href":"https:\/\/europe.dlasint.com\/cs\/wp-json\/wp\/v2\/product"}],"about":[{"href":"https:\/\/europe.dlasint.com\/cs\/wp-json\/wp\/v2\/types\/product"}],"replies":[{"embeddable":true,"href":"https:\/\/europe.dlasint.com\/cs\/wp-json\/wp\/v2\/comments?post=2303"}],"version-history":[{"count":0,"href":"https:\/\/europe.dlasint.com\/cs\/wp-json\/wp\/v2\/product\/2303\/revisions"}],"wp:featuredmedia":[{"embeddable":true,"href":"https:\/\/europe.dlasint.com\/cs\/wp-json\/wp\/v2\/media\/2600"}],"wp:attachment":[{"href":"https:\/\/europe.dlasint.com\/cs\/wp-json\/wp\/v2\/media?parent=2303"}],"wp:term":[{"taxonomy":"product_brand","embeddable":true,"href":"https:\/\/europe.dlasint.com\/cs\/wp-json\/wp\/v2\/product_brand?post=2303"},{"taxonomy":"product_cat","embeddable":true,"href":"https:\/\/europe.dlasint.com\/cs\/wp-json\/wp\/v2\/product_cat?post=2303"},{"taxonomy":"product_tag","embeddable":true,"href":"https:\/\/europe.dlasint.com\/cs\/wp-json\/wp\/v2\/product_tag?post=2303"}],"curies":[{"name":"wp","href":"https:\/\/api.w.org\/{rel}","templated":true}]}}